{"id":3519,"date":"2023-11-24T18:05:24","date_gmt":"2023-11-24T18:05:24","guid":{"rendered":"http:\/\/192.168.244.140\/?page_id=3519"},"modified":"2023-11-24T18:07:25","modified_gmt":"2023-11-24T18:07:25","slug":"aspectos_ambientais","status":"publish","type":"page","link":"https:\/\/prosap.parauapebas.pa.gov.br\/index.php\/aspectos_ambientais\/","title":{"rendered":"_CP_Apectos Ambientais"},"content":{"rendered":"\t\t<div data-elementor-type=\"wp-page\" data-elementor-id=\"3519\" class=\"elementor elementor-3519\" data-elementor-post-type=\"page\">\n\t\t\t\t\t\t<section class=\"elementor-section elementor-top-section elementor-element elementor-element-10ba89b elementor-section-boxed elementor-section-height-default elementor-section-height-default\" data-id=\"10ba89b\" data-element_type=\"section\" data-e-type=\"section\" data-settings=\"{&quot;background_background&quot;:&quot;classic&quot;}\">\n\t\t\t\t\t\t<div class=\"elementor-container elementor-column-gap-default\">\n\t\t\t\t\t<div class=\"elementor-column elementor-col-100 elementor-top-column elementor-element elementor-element-a8f1d8b\" data-id=\"a8f1d8b\" data-element_type=\"column\" data-e-type=\"column\">\n\t\t\t<div class=\"elementor-widget-wrap elementor-element-populated\">\n\t\t\t\t\t\t<div class=\"elementor-element elementor-element-1d30f7c elementor-widget elementor-widget-heading\" data-id=\"1d30f7c\" data-element_type=\"widget\" data-e-type=\"widget\" data-widget_type=\"heading.default\">\n\t\t\t\t<div class=\"elementor-widget-container\">\n\t\t\t\t\t<h2 class=\"elementor-heading-title elementor-size-default\">ASPECTOS AMBIENTAIS<\/h2>\t\t\t\t<\/div>\n\t\t\t\t<\/div>\n\t\t\t\t<div class=\"elementor-element elementor-element-e79803b elementor-widget-divider--separator-type-pattern elementor-widget-divider--view-line elementor-widget elementor-widget-divider\" data-id=\"e79803b\" data-element_type=\"widget\" data-e-type=\"widget\" data-widget_type=\"divider.default\">\n\t\t\t\t<div class=\"elementor-widget-container\">\n\t\t\t\t\t\t\t<div class=\"elementor-divider\" style=\"--divider-pattern-url: url(&quot;data:image\/svg+xml,%3Csvg xmlns=&#039;http:\/\/www.w3.org\/2000\/svg&#039; preserveAspectRatio=&#039;none&#039; overflow=&#039;visible&#039; height=&#039;100%&#039; viewBox=&#039;0 0 20 16&#039; fill=&#039;none&#039; stroke=&#039;black&#039; stroke-width=&#039;2.5&#039; stroke-linecap=&#039;square&#039; stroke-miterlimit=&#039;10&#039;%3E%3Cg transform=&#039;translate(-12.000000, 0)&#039;%3E%3Cpath d=&#039;M28,0L10,18&#039;\/%3E%3Cpath d=&#039;M18,0L0,18&#039;\/%3E%3Cpath d=&#039;M48,0L30,18&#039;\/%3E%3Cpath d=&#039;M38,0L20,18&#039;\/%3E%3C\/g%3E%3C\/svg%3E&quot;);\">\n\t\t\t<span class=\"elementor-divider-separator\">\n\t\t\t\t\t\t<\/span>\n\t\t<\/div>\n\t\t\t\t\t\t<\/div>\n\t\t\t\t<\/div>\n\t\t\t\t<section class=\"elementor-section elementor-inner-section elementor-element elementor-element-6bf74e3 elementor-section-boxed elementor-section-height-default elementor-section-height-default\" data-id=\"6bf74e3\" data-element_type=\"section\" data-e-type=\"section\">\n\t\t\t\t\t\t<div class=\"elementor-container elementor-column-gap-default\">\n\t\t\t\t\t<div class=\"elementor-column elementor-col-100 elementor-inner-column elementor-element elementor-element-ef9b438\" data-id=\"ef9b438\" data-element_type=\"column\" data-e-type=\"column\">\n\t\t\t<div class=\"elementor-widget-wrap elementor-element-populated\">\n\t\t\t\t\t\t<div class=\"elementor-element elementor-element-15273c0 elementor-widget elementor-widget-text-editor\" data-id=\"15273c0\" data-element_type=\"widget\" data-e-type=\"widget\" data-widget_type=\"text-editor.default\">\n\t\t\t\t<div class=\"elementor-widget-container\">\n\t\t\t\t\t\t\t\t\t<p>A Prefeitura de Parauapebas est\u00e1 executando o Programa de Saneamento Ambiental, Macrodrenagem e Recupera\u00e7\u00e3o de Igarap\u00e9s e Margens do Rio Parauapebas (Prosap), por meio de financiamento junto ao Banco Interamericano de Desenvolvimento (BID), com o objetivo de melhorar a qualidade de vida da popula\u00e7\u00e3o promovendo a urbaniza\u00e7\u00e3o das \u00e1reas pr\u00f3ximas aos igarap\u00e9s Ilha do Coco, Guanabara e Ch\u00e1caras das Estrelas.<br \/><br \/>Por meio do Prosap, a Prefeitura de Parauapebas est\u00e1 investindo em saneamento b\u00e1sico para que o sistema de esgotamento sanit\u00e1rio, o qual atualmente, de acordo com o Sistema Nacional de Informa\u00e7\u00e3o Sobre Saneamento (SNIS), coleta 14,6% e trata 11,7%, seja ampliado com a expans\u00e3o da Esta\u00e7\u00e3o de Tratamento de Esgoto (ETE) do bairro Rio Verde para atender aproximadamente 120 mil habitantes, com a implanta\u00e7\u00e3o de aproximadamente 140 km de rede de coleta de esgoto nos bairros Uni\u00e3o, Liberdade, Rio Verde, Bairro da Paz, Ch\u00e1caras, Primavera\/Riacho Doce, Guanabara, Para\u00edso,\u00a0Beira\u00a0Rio, S\u00e3o Lucas, Caetan\u00f3polis e \u00c1guas Lindas.<br \/><br \/>Por isso, todas as a\u00e7\u00f5es s\u00e3o conduzidas com o cumprimento do Plano de Controle Ambiental de Obras (PCAO), que estabelece a necessidade de aquisi\u00e7\u00e3o de licen\u00e7as, autoriza\u00e7\u00f5es e outorgas ambientais, conforme a legisla\u00e7\u00e3o vigente. Mantendo o padr\u00e3o sustent\u00e1vel de execu\u00e7\u00e3o de obras, nesta Segunda Etapa do Projeto Ilha do Coco todas as interven\u00e7\u00f5es seguir\u00e3o priorizando a preserva\u00e7\u00e3o das esp\u00e9cies vegetais e animais, pois o Prosap realiza resgate de fauna e conserva\u00e7\u00e3o de flora, que \u00e9 incorporada ao projeto arquitet\u00f4nico. Conhe\u00e7a o detalhamento do Marco de Gest\u00e3o Ambiental e Social\u00a0<\/p>\t\t\t\t\t\t\t\t<\/div>\n\t\t\t\t<\/div>\n\t\t\t\t\t<\/div>\n\t\t<\/div>\n\t\t\t\t\t<\/div>\n\t\t<\/section>\n\t\t\t\t<section class=\"elementor-section elementor-inner-section elementor-element elementor-element-d84e447 elementor-section-boxed elementor-section-height-default elementor-section-height-default\" data-id=\"d84e447\" data-element_type=\"section\" data-e-type=\"section\">\n\t\t\t\t\t\t<div class=\"elementor-container elementor-column-gap-default\">\n\t\t\t\t\t<div class=\"elementor-column elementor-col-100 elementor-inner-column elementor-element elementor-element-5eb5424\" data-id=\"5eb5424\" data-element_type=\"column\" data-e-type=\"column\">\n\t\t\t<div class=\"elementor-widget-wrap elementor-element-populated\">\n\t\t\t\t\t\t<div class=\"elementor-element elementor-element-9a16263 elementor-widget elementor-widget-text-editor\" data-id=\"9a16263\" data-element_type=\"widget\" data-e-type=\"widget\" data-widget_type=\"text-editor.default\">\n\t\t\t\t<div class=\"elementor-widget-container\">\n\t\t\t\t\t\t\t\t\t<p><a href=\"https:\/\/share.parauapebas.pa.gov.br\/usuarios\/joao_melo_parauapebas_pa_gov_br\/_layouts\/15\/guestaccess.aspx?guestaccesstoken=bAPLVSvg30OEs1OMTPNAf2rHsIxNNz4N7j3F9XwxOKY%3D&amp;docid=02070c321a1da4d09aab79ba0ee58928c&amp;rev=1&amp;e=WusvuV\">Conhe\u00e7a o detalhamento do projeto b\u00e1sico aqui<\/a><\/p>\t\t\t\t\t\t\t\t<\/div>\n\t\t\t\t<\/div>\n\t\t\t\t\t<\/div>\n\t\t<\/div>\n\t\t\t\t\t<\/div>\n\t\t<\/section>\n\t\t\t\t\t<\/div>\n\t\t<\/div>\n\t\t\t\t\t<\/div>\n\t\t<\/section>\n\t\t\t\t<\/div>\n\t\t","protected":false},"excerpt":{"rendered":"<p>ASPECTOS AMBIENTAIS A Prefeitura de Parauapebas est\u00e1 executando o Programa de Saneamento Ambiental, Macrodrenagem e Recupera\u00e7\u00e3o de Igarap\u00e9s e Margens do Rio Parauapebas (Prosap), por meio de financiamento junto ao Banco Interamericano de Desenvolvimento (BID), com o objetivo de melhorar a qualidade de vida da popula\u00e7\u00e3o promovendo a urbaniza\u00e7\u00e3o das \u00e1reas pr\u00f3ximas aos igarap\u00e9s Ilha [&hellip;]<\/p>\n","protected":false},"author":1,"featured_media":0,"parent":0,"menu_order":0,"comment_status":"closed","ping_status":"closed","template":"elementor_header_footer","meta":{"_acf_changed":false,"_crdt_document":"","_joinchat":[],"footnotes":""},"class_list":["post-3519","page","type-page","status-publish","hentry"],"acf":[],"_links":{"self":[{"href":"https:\/\/prosap.parauapebas.pa.gov.br\/index.php\/wp-json\/wp\/v2\/pages\/3519","targetHints":{"allow":["GET"]}}],"collection":[{"href":"https:\/\/prosap.parauapebas.pa.gov.br\/index.php\/wp-json\/wp\/v2\/pages"}],"about":[{"href":"https:\/\/prosap.parauapebas.pa.gov.br\/index.php\/wp-json\/wp\/v2\/types\/page"}],"author":[{"embeddable":true,"href":"https:\/\/prosap.parauapebas.pa.gov.br\/index.php\/wp-json\/wp\/v2\/users\/1"}],"replies":[{"embeddable":true,"href":"https:\/\/prosap.parauapebas.pa.gov.br\/index.php\/wp-json\/wp\/v2\/comments?post=3519"}],"version-history":[{"count":0,"href":"https:\/\/prosap.parauapebas.pa.gov.br\/index.php\/wp-json\/wp\/v2\/pages\/3519\/revisions"}],"wp:attachment":[{"href":"https:\/\/prosap.parauapebas.pa.gov.br\/index.php\/wp-json\/wp\/v2\/media?parent=3519"}],"curies":[{"name":"wp","href":"https:\/\/api.w.org\/{rel}","templated":true}]}}