{"id":2581,"date":"2023-11-09T18:39:55","date_gmt":"2023-11-09T18:39:55","guid":{"rendered":"http:\/\/192.168.244.140\/?page_id=2581"},"modified":"2023-11-09T18:41:31","modified_gmt":"2023-11-09T18:41:31","slug":"_estrutura-aquisicoes-contratos-e-convenios","status":"publish","type":"page","link":"https:\/\/prosap.parauapebas.pa.gov.br\/index.php\/_estrutura-aquisicoes-contratos-e-convenios\/","title":{"rendered":"_Estrutura &#8211; Aquisi\u00e7\u00f5es, Contratos e Conv\u00eanios"},"content":{"rendered":"\t\t<div data-elementor-type=\"wp-page\" data-elementor-id=\"2581\" class=\"elementor elementor-2581\" data-elementor-post-type=\"page\">\n\t\t\t\t\t\t<section class=\"elementor-section elementor-top-section elementor-element elementor-element-10ba89b elementor-section-boxed elementor-section-height-default elementor-section-height-default\" data-id=\"10ba89b\" data-element_type=\"section\" data-e-type=\"section\" data-settings=\"{&quot;background_background&quot;:&quot;classic&quot;}\">\n\t\t\t\t\t\t<div class=\"elementor-container elementor-column-gap-default\">\n\t\t\t\t\t<div class=\"elementor-column elementor-col-100 elementor-top-column elementor-element elementor-element-a8f1d8b\" data-id=\"a8f1d8b\" data-element_type=\"column\" data-e-type=\"column\">\n\t\t\t<div class=\"elementor-widget-wrap elementor-element-populated\">\n\t\t\t\t\t\t<div class=\"elementor-element elementor-element-1d30f7c elementor-widget elementor-widget-heading\" data-id=\"1d30f7c\" data-element_type=\"widget\" data-e-type=\"widget\" data-widget_type=\"heading.default\">\n\t\t\t\t<div class=\"elementor-widget-container\">\n\t\t\t\t\t<h2 class=\"elementor-heading-title elementor-size-default\">Subcoordenadoria de Aquisi\u00e7\u00f5es, Contratos e Conv\u00eanios<\/h2>\t\t\t\t<\/div>\n\t\t\t\t<\/div>\n\t\t\t\t<div class=\"elementor-element elementor-element-e79803b elementor-widget-divider--separator-type-pattern elementor-widget-divider--view-line elementor-widget elementor-widget-divider\" data-id=\"e79803b\" data-element_type=\"widget\" data-e-type=\"widget\" data-widget_type=\"divider.default\">\n\t\t\t\t<div class=\"elementor-widget-container\">\n\t\t\t\t\t\t\t<div class=\"elementor-divider\" style=\"--divider-pattern-url: url(&quot;data:image\/svg+xml,%3Csvg xmlns=&#039;http:\/\/www.w3.org\/2000\/svg&#039; preserveAspectRatio=&#039;none&#039; overflow=&#039;visible&#039; height=&#039;100%&#039; viewBox=&#039;0 0 20 16&#039; fill=&#039;none&#039; stroke=&#039;black&#039; stroke-width=&#039;2.5&#039; stroke-linecap=&#039;square&#039; stroke-miterlimit=&#039;10&#039;%3E%3Cg transform=&#039;translate(-12.000000, 0)&#039;%3E%3Cpath d=&#039;M28,0L10,18&#039;\/%3E%3Cpath d=&#039;M18,0L0,18&#039;\/%3E%3Cpath d=&#039;M48,0L30,18&#039;\/%3E%3Cpath d=&#039;M38,0L20,18&#039;\/%3E%3C\/g%3E%3C\/svg%3E&quot;);\">\n\t\t\t<span class=\"elementor-divider-separator\">\n\t\t\t\t\t\t<\/span>\n\t\t<\/div>\n\t\t\t\t\t\t<\/div>\n\t\t\t\t<\/div>\n\t\t\t\t<section class=\"elementor-section elementor-inner-section elementor-element elementor-element-6bf74e3 elementor-section-boxed elementor-section-height-default elementor-section-height-default\" data-id=\"6bf74e3\" data-element_type=\"section\" data-e-type=\"section\">\n\t\t\t\t\t\t<div class=\"elementor-container elementor-column-gap-default\">\n\t\t\t\t\t<div class=\"elementor-column elementor-col-100 elementor-inner-column elementor-element elementor-element-ef9b438\" data-id=\"ef9b438\" data-element_type=\"column\" data-e-type=\"column\">\n\t\t\t<div class=\"elementor-widget-wrap elementor-element-populated\">\n\t\t\t\t\t\t<div class=\"elementor-element elementor-element-15273c0 elementor-widget elementor-widget-text-editor\" data-id=\"15273c0\" data-element_type=\"widget\" data-e-type=\"widget\" data-widget_type=\"text-editor.default\">\n\t\t\t\t<div class=\"elementor-widget-container\">\n\t\t\t\t\t\t\t\t\t<div align=\"justify\"><p>A Subcoordenadoria de Aquisi\u00e7\u00f5es, Contratos e Conv\u00eanios da Unidade Executora do Projeto (UEP) \u00e9 respons\u00e1vel pela orienta\u00e7\u00e3o, an\u00e1lise e elabora\u00e7\u00e3o de pareceres nos processos, al\u00e9m de acompanhar as a\u00e7\u00f5es e instrumentos de coopera\u00e7\u00e3o t\u00e9cnica, quest\u00f5es contratuais e licitat\u00f3rias e de regulariza\u00e7\u00e3o fundi\u00e1ria.<\/p><p>Dentre as suas atribui\u00e7\u00f5es est\u00e3o: assessorar o Coordenador Executivo da UEP nos assuntos relativos a aquisi\u00e7\u00f5es e contratos voltados ao programa; coordenar a execu\u00e7\u00e3o das a\u00e7\u00f5es do programa relacionadas com os processos de consultoria, aquisi\u00e7\u00e3o de bens e execu\u00e7\u00e3o de obras e servi\u00e7os na forma da legisla\u00e7\u00e3o vigente; coordenar a elabora\u00e7\u00e3o e manter atualizado o Plano de Aquisi\u00e7\u00f5es \u2013 PA, solicitando a sua aprova\u00e7\u00e3o junto ao ente financiador.<\/p><p>S\u00e3o de sua compet\u00eancia tamb\u00e9m o aux\u00edlio na elabora\u00e7\u00e3o, junto \u00e0s entidades participantes, dos termos de refer\u00eancia e respectivos or\u00e7amentos para os diversos componentes do programa, dos contratos relativos aos servi\u00e7os de consultoria, a aquisi\u00e7\u00f5es de bens e a execu\u00e7\u00e3o de obras e servi\u00e7os de acordo com as normas do ente financiador e da legisla\u00e7\u00e3o vigente; elaborar editais e respectivos or\u00e7amentos, bem como preparar os processos de aquisi\u00e7\u00e3o, de acordo com as normas do ente financiador e da legisla\u00e7\u00e3o vigente.<\/p><\/div>\t\t\t\t\t\t\t\t<\/div>\n\t\t\t\t<\/div>\n\t\t\t\t\t<\/div>\n\t\t<\/div>\n\t\t\t\t\t<\/div>\n\t\t<\/section>\n\t\t\t\t\t<\/div>\n\t\t<\/div>\n\t\t\t\t\t<\/div>\n\t\t<\/section>\n\t\t\t\t<section class=\"elementor-section elementor-top-section elementor-element elementor-element-1dd2cc0 elementor-section-boxed elementor-section-height-default elementor-section-height-default\" data-id=\"1dd2cc0\" data-element_type=\"section\" data-e-type=\"section\" data-settings=\"{&quot;background_background&quot;:&quot;classic&quot;}\">\n\t\t\t\t\t\t<div class=\"elementor-container elementor-column-gap-default\">\n\t\t\t\t\t<div class=\"elementor-column elementor-col-100 elementor-top-column elementor-element elementor-element-99bd401\" data-id=\"99bd401\" data-element_type=\"column\" data-e-type=\"column\">\n\t\t\t<div class=\"elementor-widget-wrap elementor-element-populated\">\n\t\t\t\t\t\t<div class=\"elementor-element elementor-element-3d600d7 elementor-widget elementor-widget-heading\" data-id=\"3d600d7\" data-element_type=\"widget\" data-e-type=\"widget\" data-widget_type=\"heading.default\">\n\t\t\t\t<div class=\"elementor-widget-container\">\n\t\t\t\t\t<h2 class=\"elementor-heading-title elementor-size-default\">Comiss\u00e3o Especial de Licita\u00e7\u00e3o<\/h2>\t\t\t\t<\/div>\n\t\t\t\t<\/div>\n\t\t\t\t<div class=\"elementor-element elementor-element-eed3e89 elementor-widget-divider--separator-type-pattern elementor-widget-divider--view-line elementor-widget elementor-widget-divider\" data-id=\"eed3e89\" data-element_type=\"widget\" data-e-type=\"widget\" data-widget_type=\"divider.default\">\n\t\t\t\t<div class=\"elementor-widget-container\">\n\t\t\t\t\t\t\t<div class=\"elementor-divider\" style=\"--divider-pattern-url: url(&quot;data:image\/svg+xml,%3Csvg xmlns=&#039;http:\/\/www.w3.org\/2000\/svg&#039; preserveAspectRatio=&#039;none&#039; overflow=&#039;visible&#039; height=&#039;100%&#039; viewBox=&#039;0 0 20 16&#039; fill=&#039;none&#039; stroke=&#039;black&#039; stroke-width=&#039;2.5&#039; stroke-linecap=&#039;square&#039; stroke-miterlimit=&#039;10&#039;%3E%3Cg transform=&#039;translate(-12.000000, 0)&#039;%3E%3Cpath d=&#039;M28,0L10,18&#039;\/%3E%3Cpath d=&#039;M18,0L0,18&#039;\/%3E%3Cpath d=&#039;M48,0L30,18&#039;\/%3E%3Cpath d=&#039;M38,0L20,18&#039;\/%3E%3C\/g%3E%3C\/svg%3E&quot;);\">\n\t\t\t<span class=\"elementor-divider-separator\">\n\t\t\t\t\t\t<\/span>\n\t\t<\/div>\n\t\t\t\t\t\t<\/div>\n\t\t\t\t<\/div>\n\t\t\t\t<section class=\"elementor-section elementor-inner-section elementor-element elementor-element-a25104e elementor-section-boxed elementor-section-height-default elementor-section-height-default\" data-id=\"a25104e\" data-element_type=\"section\" data-e-type=\"section\">\n\t\t\t\t\t\t<div class=\"elementor-container elementor-column-gap-default\">\n\t\t\t\t\t<div class=\"elementor-column elementor-col-100 elementor-inner-column elementor-element elementor-element-74d5527\" data-id=\"74d5527\" data-element_type=\"column\" data-e-type=\"column\">\n\t\t\t<div class=\"elementor-widget-wrap elementor-element-populated\">\n\t\t\t\t\t\t<div class=\"elementor-element elementor-element-db05f41 elementor-widget elementor-widget-text-editor\" data-id=\"db05f41\" data-element_type=\"widget\" data-e-type=\"widget\" data-widget_type=\"text-editor.default\">\n\t\t\t\t<div class=\"elementor-widget-container\">\n\t\t\t\t\t\t\t\t\t<div align=\"justify\"><p>A Comiss\u00e3o Especial de Licita\u00e7\u00e3o faz parte da Subcoordenadoria de Aquisi\u00e7\u00f5es, Contratos e Conv\u00eanios, sendo respons\u00e1vel por conduzir os processos licitat\u00f3rios e demais procedimentos de contrata\u00e7\u00e3o, de acordo com as pol\u00edticas para aquisi\u00e7\u00e3o de bens e contrata\u00e7\u00e3o de obras financiadas pelo ente financiador e com as pol\u00edticas para sele\u00e7\u00e3o, contrata\u00e7\u00e3o de consultores financiados pelo ente financiador, bem como com os termos e condi\u00e7\u00f5es estipulados no contrato de empr\u00e9stimo.<\/p><p>Compete \u00e0 Comiss\u00e3o elaborar a montagem dos processos de aquisi\u00e7\u00e3o, contendo os editais, or\u00e7amentos, minutas de contratos e respectivos Termos de Refer\u00eancia ou Especifica\u00e7\u00f5es T\u00e9cnicas relativas \u00e0s aquisi\u00e7\u00f5es do projeto; atuar nas aquisi\u00e7\u00f5es referentes ao Prosap, de acordo com as Pol\u00edticas para Aquisi\u00e7\u00e3o de Bens e Contrata\u00e7\u00e3o de Obras, financiados pelo ente financiador e com as Pol\u00edticas para Sele\u00e7\u00e3o Contrata\u00e7\u00e3o de Consultores financiados tamb\u00e9m pelo ente financiador em vigor, bem como com os termos e condi\u00e7\u00f5es estipulados no contrato de empr\u00e9stimo; publicar os editais de aquisi\u00e7\u00f5es conforme normas do ente e a legisla\u00e7\u00e3o nacional vigente.<\/p><\/div>\t\t\t\t\t\t\t\t<\/div>\n\t\t\t\t<\/div>\n\t\t\t\t<div class=\"elementor-element elementor-element-4aa8b3c elementor-align-center elementor-icon-list--layout-traditional elementor-list-item-link-full_width elementor-widget elementor-widget-icon-list\" data-id=\"4aa8b3c\" data-element_type=\"widget\" data-e-type=\"widget\" data-widget_type=\"icon-list.default\">\n\t\t\t\t<div class=\"elementor-widget-container\">\n\t\t\t\t\t\t\t<ul class=\"elementor-icon-list-items\">\n\t\t\t\t\t\t\t<li class=\"elementor-icon-list-item\">\n\t\t\t\t\t\t\t\t\t\t\t<a href=\"https:\/\/prosap.parauapebas.pa.gov.br\/estrutura_programa\/\">\n\n\t\t\t\t\t\t\t\t\t\t\t\t<span class=\"elementor-icon-list-icon\">\n\t\t\t\t\t\t\t<i aria-hidden=\"true\" class=\"far fa-arrow-alt-circle-left\"><\/i>\t\t\t\t\t\t<\/span>\n\t\t\t\t\t\t\t\t\t\t<span class=\"elementor-icon-list-text\">Voltar<\/span>\n\t\t\t\t\t\t\t\t\t\t\t<\/a>\n\t\t\t\t\t\t\t\t\t<\/li>\n\t\t\t\t\t\t<\/ul>\n\t\t\t\t\t\t<\/div>\n\t\t\t\t<\/div>\n\t\t\t\t\t<\/div>\n\t\t<\/div>\n\t\t\t\t\t<\/div>\n\t\t<\/section>\n\t\t\t\t\t<\/div>\n\t\t<\/div>\n\t\t\t\t\t<\/div>\n\t\t<\/section>\n\t\t\t\t<\/div>\n\t\t","protected":false},"excerpt":{"rendered":"<p>Subcoordenadoria de Aquisi\u00e7\u00f5es, Contratos e Conv\u00eanios A Subcoordenadoria de Aquisi\u00e7\u00f5es, Contratos e Conv\u00eanios da Unidade Executora do Projeto (UEP) \u00e9 respons\u00e1vel pela orienta\u00e7\u00e3o, an\u00e1lise e elabora\u00e7\u00e3o de pareceres nos processos, al\u00e9m de acompanhar as a\u00e7\u00f5es e instrumentos de coopera\u00e7\u00e3o t\u00e9cnica, quest\u00f5es contratuais e licitat\u00f3rias e de regulariza\u00e7\u00e3o fundi\u00e1ria. Dentre as suas atribui\u00e7\u00f5es est\u00e3o: assessorar o [&hellip;]<\/p>\n","protected":false},"author":1,"featured_media":0,"parent":0,"menu_order":0,"comment_status":"closed","ping_status":"closed","template":"elementor_header_footer","meta":{"_acf_changed":false,"_crdt_document":"","_joinchat":[],"footnotes":""},"class_list":["post-2581","page","type-page","status-publish","hentry"],"acf":[],"_links":{"self":[{"href":"https:\/\/prosap.parauapebas.pa.gov.br\/index.php\/wp-json\/wp\/v2\/pages\/2581","targetHints":{"allow":["GET"]}}],"collection":[{"href":"https:\/\/prosap.parauapebas.pa.gov.br\/index.php\/wp-json\/wp\/v2\/pages"}],"about":[{"href":"https:\/\/prosap.parauapebas.pa.gov.br\/index.php\/wp-json\/wp\/v2\/types\/page"}],"author":[{"embeddable":true,"href":"https:\/\/prosap.parauapebas.pa.gov.br\/index.php\/wp-json\/wp\/v2\/users\/1"}],"replies":[{"embeddable":true,"href":"https:\/\/prosap.parauapebas.pa.gov.br\/index.php\/wp-json\/wp\/v2\/comments?post=2581"}],"version-history":[{"count":0,"href":"https:\/\/prosap.parauapebas.pa.gov.br\/index.php\/wp-json\/wp\/v2\/pages\/2581\/revisions"}],"wp:attachment":[{"href":"https:\/\/prosap.parauapebas.pa.gov.br\/index.php\/wp-json\/wp\/v2\/media?parent=2581"}],"curies":[{"name":"wp","href":"https:\/\/api.w.org\/{rel}","templated":true}]}}