{"id":2265,"date":"2023-11-08T19:30:57","date_gmt":"2023-11-08T19:30:57","guid":{"rendered":"http:\/\/192.168.244.140\/?page_id=2265"},"modified":"2024-03-06T15:03:10","modified_gmt":"2024-03-06T18:03:10","slug":"sustentabilidade","status":"publish","type":"page","link":"https:\/\/prosap.parauapebas.pa.gov.br\/index.php\/sustentabilidade\/","title":{"rendered":"sustentabilidade"},"content":{"rendered":"\t\t<div data-elementor-type=\"wp-page\" data-elementor-id=\"2265\" class=\"elementor elementor-2265\" data-elementor-post-type=\"page\">\n\t\t\t\t\t\t<section class=\"elementor-section elementor-top-section elementor-element elementor-element-10ba89b elementor-section-boxed elementor-section-height-default elementor-section-height-default\" data-id=\"10ba89b\" data-element_type=\"section\" data-e-type=\"section\" data-settings=\"{&quot;background_background&quot;:&quot;classic&quot;}\">\n\t\t\t\t\t\t<div class=\"elementor-container elementor-column-gap-default\">\n\t\t\t\t\t<div class=\"elementor-column elementor-col-100 elementor-top-column elementor-element elementor-element-a8f1d8b\" data-id=\"a8f1d8b\" data-element_type=\"column\" data-e-type=\"column\">\n\t\t\t<div class=\"elementor-widget-wrap elementor-element-populated\">\n\t\t\t\t\t\t<div class=\"elementor-element elementor-element-1d30f7c elementor-widget elementor-widget-heading\" data-id=\"1d30f7c\" data-element_type=\"widget\" data-e-type=\"widget\" data-widget_type=\"heading.default\">\n\t\t\t\t<div class=\"elementor-widget-container\">\n\t\t\t\t\t<h2 class=\"elementor-heading-title elementor-size-default\">SUSTENTABILIDADE<\/h2>\t\t\t\t<\/div>\n\t\t\t\t<\/div>\n\t\t\t\t<div class=\"elementor-element elementor-element-e79803b elementor-widget-divider--separator-type-pattern elementor-widget-divider--view-line elementor-widget elementor-widget-divider\" data-id=\"e79803b\" data-element_type=\"widget\" data-e-type=\"widget\" data-widget_type=\"divider.default\">\n\t\t\t\t<div class=\"elementor-widget-container\">\n\t\t\t\t\t\t\t<div class=\"elementor-divider\" style=\"--divider-pattern-url: url(&quot;data:image\/svg+xml,%3Csvg xmlns=&#039;http:\/\/www.w3.org\/2000\/svg&#039; preserveAspectRatio=&#039;none&#039; overflow=&#039;visible&#039; height=&#039;100%&#039; viewBox=&#039;0 0 20 16&#039; fill=&#039;none&#039; stroke=&#039;black&#039; stroke-width=&#039;2.5&#039; stroke-linecap=&#039;square&#039; stroke-miterlimit=&#039;10&#039;%3E%3Cg transform=&#039;translate(-12.000000, 0)&#039;%3E%3Cpath d=&#039;M28,0L10,18&#039;\/%3E%3Cpath d=&#039;M18,0L0,18&#039;\/%3E%3Cpath d=&#039;M48,0L30,18&#039;\/%3E%3Cpath d=&#039;M38,0L20,18&#039;\/%3E%3C\/g%3E%3C\/svg%3E&quot;);\">\n\t\t\t<span class=\"elementor-divider-separator\">\n\t\t\t\t\t\t<\/span>\n\t\t<\/div>\n\t\t\t\t\t\t<\/div>\n\t\t\t\t<\/div>\n\t\t\t\t<section class=\"elementor-section elementor-inner-section elementor-element elementor-element-6bf74e3 elementor-section-boxed elementor-section-height-default elementor-section-height-default\" data-id=\"6bf74e3\" data-element_type=\"section\" data-e-type=\"section\">\n\t\t\t\t\t\t<div class=\"elementor-container elementor-column-gap-default\">\n\t\t\t\t\t<div class=\"elementor-column elementor-col-100 elementor-inner-column elementor-element elementor-element-ef9b438\" data-id=\"ef9b438\" data-element_type=\"column\" data-e-type=\"column\">\n\t\t\t<div class=\"elementor-widget-wrap elementor-element-populated\">\n\t\t\t\t\t\t<div class=\"elementor-element elementor-element-15273c0 elementor-widget elementor-widget-text-editor\" data-id=\"15273c0\" data-element_type=\"widget\" data-e-type=\"widget\" data-widget_type=\"text-editor.default\">\n\t\t\t\t<div class=\"elementor-widget-container\">\n\t\t\t\t\t\t\t\t\t<p>A \u00e1rea Ambiental auxilia o Coordenador Executivo do Prosap nas a\u00e7\u00f5es de natureza ambiental, relacionadas com as obras do programa, no que se refere ao monitoramento ambiental, realizando inspe\u00e7\u00f5es t\u00e9cnicas e outras atividades correlatas.<\/p><p>Dentre as suas atribui\u00e7\u00f5es est\u00e3o: coordenar a implementa\u00e7\u00e3o do Sistema de Gest\u00e3o Ambiental e Social (SGAS), ferramenta gerencial de fundamental import\u00e2ncia para assegurar que todos os projetos, atividades, processos e servi\u00e7os sejam conduzidos considerando as melhores pr\u00e1ticas aplic\u00e1veis; e apoiar as demais programa\u00e7\u00f5es propostas no Plano de Gest\u00e3o Ambiental e Social (PGAS).<\/p><p>\u00c9 tamb\u00e9m respons\u00e1vel pela implanta\u00e7\u00e3o e o desenvolvimento do Programa de Educa\u00e7\u00e3o Ambiental e Sanit\u00e1ria (PEAS), definido como um conjunto de proposi\u00e7\u00f5es, a\u00e7\u00f5es e metodologias para uma educa\u00e7\u00e3o ambiental local, a fim de transformar a preocupa\u00e7\u00e3o ambiental em pr\u00e1tica, baseada nas quest\u00f5es experimentadas pela popula\u00e7\u00e3o local no seu cotidiano e possibilitar o conhecimento pela popula\u00e7\u00e3o da import\u00e2ncia das a\u00e7\u00f5es do Prosap.<\/p>\t\t\t\t\t\t\t\t<\/div>\n\t\t\t\t<\/div>\n\t\t\t\t\t<\/div>\n\t\t<\/div>\n\t\t\t\t\t<\/div>\n\t\t<\/section>\n\t\t\t\t\t<\/div>\n\t\t<\/div>\n\t\t\t\t\t<\/div>\n\t\t<\/section>\n\t\t\t\t<\/div>\n\t\t","protected":false},"excerpt":{"rendered":"<p>SUSTENTABILIDADE A \u00e1rea Ambiental auxilia o Coordenador Executivo do Prosap nas a\u00e7\u00f5es de natureza ambiental, relacionadas com as obras do programa, no que se refere ao monitoramento ambiental, realizando inspe\u00e7\u00f5es t\u00e9cnicas e outras atividades correlatas. Dentre as suas atribui\u00e7\u00f5es est\u00e3o: coordenar a implementa\u00e7\u00e3o do Sistema de Gest\u00e3o Ambiental e Social (SGAS), ferramenta gerencial de fundamental [&hellip;]<\/p>\n","protected":false},"author":1,"featured_media":0,"parent":0,"menu_order":0,"comment_status":"closed","ping_status":"closed","template":"elementor_header_footer","meta":{"_acf_changed":false,"_crdt_document":"","_joinchat":[],"footnotes":""},"class_list":["post-2265","page","type-page","status-publish","hentry"],"acf":[],"_links":{"self":[{"href":"https:\/\/prosap.parauapebas.pa.gov.br\/index.php\/wp-json\/wp\/v2\/pages\/2265","targetHints":{"allow":["GET"]}}],"collection":[{"href":"https:\/\/prosap.parauapebas.pa.gov.br\/index.php\/wp-json\/wp\/v2\/pages"}],"about":[{"href":"https:\/\/prosap.parauapebas.pa.gov.br\/index.php\/wp-json\/wp\/v2\/types\/page"}],"author":[{"embeddable":true,"href":"https:\/\/prosap.parauapebas.pa.gov.br\/index.php\/wp-json\/wp\/v2\/users\/1"}],"replies":[{"embeddable":true,"href":"https:\/\/prosap.parauapebas.pa.gov.br\/index.php\/wp-json\/wp\/v2\/comments?post=2265"}],"version-history":[{"count":0,"href":"https:\/\/prosap.parauapebas.pa.gov.br\/index.php\/wp-json\/wp\/v2\/pages\/2265\/revisions"}],"wp:attachment":[{"href":"https:\/\/prosap.parauapebas.pa.gov.br\/index.php\/wp-json\/wp\/v2\/media?parent=2265"}],"curies":[{"name":"wp","href":"https:\/\/api.w.org\/{rel}","templated":true}]}}