{"id":2218,"date":"2023-11-08T19:00:28","date_gmt":"2023-11-08T19:00:28","guid":{"rendered":"http:\/\/192.168.244.140\/?page_id=2218"},"modified":"2023-11-08T19:08:12","modified_gmt":"2023-11-08T19:08:12","slug":"igarape_ilha_coco","status":"publish","type":"page","link":"https:\/\/prosap.parauapebas.pa.gov.br\/index.php\/igarape_ilha_coco\/","title":{"rendered":"igarape_ilha_coco"},"content":{"rendered":"\t\t<div data-elementor-type=\"wp-page\" data-elementor-id=\"2218\" class=\"elementor elementor-2218\" data-elementor-post-type=\"page\">\n\t\t\t\t\t\t<section class=\"elementor-section elementor-top-section elementor-element elementor-element-10ba89b elementor-section-height-min-height elementor-section-boxed elementor-section-height-default elementor-section-items-middle\" data-id=\"10ba89b\" data-element_type=\"section\" data-e-type=\"section\" data-settings=\"{&quot;background_background&quot;:&quot;classic&quot;}\">\n\t\t\t\t\t\t<div class=\"elementor-container elementor-column-gap-default\">\n\t\t\t\t\t<div class=\"elementor-column elementor-col-100 elementor-top-column elementor-element elementor-element-a8f1d8b\" data-id=\"a8f1d8b\" data-element_type=\"column\" data-e-type=\"column\">\n\t\t\t<div class=\"elementor-widget-wrap elementor-element-populated\">\n\t\t\t\t\t\t<div class=\"elementor-element elementor-element-1d30f7c elementor-widget elementor-widget-heading\" data-id=\"1d30f7c\" data-element_type=\"widget\" data-e-type=\"widget\" data-widget_type=\"heading.default\">\n\t\t\t\t<div class=\"elementor-widget-container\">\n\t\t\t\t\t<h2 class=\"elementor-heading-title elementor-size-default\">Igarap\u00e9s Ilha do Coco, Guanabara e Ch\u00e1cara das Estrelas<\/h2>\t\t\t\t<\/div>\n\t\t\t\t<\/div>\n\t\t\t\t<div class=\"elementor-element elementor-element-e79803b elementor-widget-divider--separator-type-pattern elementor-widget-divider--view-line elementor-widget elementor-widget-divider\" data-id=\"e79803b\" data-element_type=\"widget\" data-e-type=\"widget\" data-widget_type=\"divider.default\">\n\t\t\t\t<div class=\"elementor-widget-container\">\n\t\t\t\t\t\t\t<div class=\"elementor-divider\" style=\"--divider-pattern-url: url(&quot;data:image\/svg+xml,%3Csvg xmlns=&#039;http:\/\/www.w3.org\/2000\/svg&#039; preserveAspectRatio=&#039;none&#039; overflow=&#039;visible&#039; height=&#039;100%&#039; viewBox=&#039;0 0 20 16&#039; fill=&#039;none&#039; stroke=&#039;black&#039; stroke-width=&#039;2.5&#039; stroke-linecap=&#039;square&#039; stroke-miterlimit=&#039;10&#039;%3E%3Cg transform=&#039;translate(-12.000000, 0)&#039;%3E%3Cpath d=&#039;M28,0L10,18&#039;\/%3E%3Cpath d=&#039;M18,0L0,18&#039;\/%3E%3Cpath d=&#039;M48,0L30,18&#039;\/%3E%3Cpath d=&#039;M38,0L20,18&#039;\/%3E%3C\/g%3E%3C\/svg%3E&quot;);\">\n\t\t\t<span class=\"elementor-divider-separator\">\n\t\t\t\t\t\t<\/span>\n\t\t<\/div>\n\t\t\t\t\t\t<\/div>\n\t\t\t\t<\/div>\n\t\t\t\t<section class=\"elementor-section elementor-inner-section elementor-element elementor-element-c37ccc6 elementor-section-boxed elementor-section-height-default elementor-section-height-default\" data-id=\"c37ccc6\" data-element_type=\"section\" data-e-type=\"section\">\n\t\t\t\t\t\t<div class=\"elementor-container elementor-column-gap-default\">\n\t\t\t\t\t<div class=\"elementor-column elementor-col-100 elementor-inner-column elementor-element elementor-element-117968b\" data-id=\"117968b\" data-element_type=\"column\" data-e-type=\"column\">\n\t\t\t<div class=\"elementor-widget-wrap elementor-element-populated\">\n\t\t\t\t\t\t<div class=\"elementor-element elementor-element-15273c0 elementor-widget elementor-widget-text-editor\" data-id=\"15273c0\" data-element_type=\"widget\" data-e-type=\"widget\" data-widget_type=\"text-editor.default\">\n\t\t\t\t<div class=\"elementor-widget-container\">\n\t\t\t\t\t\t\t\t\t<div align=\"justify\">O Igarap\u00e9 Ilha do Coco \u00e9 a principal art\u00e9ria fluvial urbana do Rio Parauapebas e que, no passado, foi muito utilizada para lazer da popula\u00e7\u00e3o local, servindo de ambiente de recrea\u00e7\u00e3o e tamb\u00e9m como fonte de abastecimento para as fam\u00edlias assentadas \u00e0s suas margens.<\/div><div align=\"justify\">\u00a0<\/div><div align=\"justify\"><p>As obras do Programa de Saneamento Ambiental, Macrodrenagem e Recupera\u00e7\u00e3o de Igarap\u00e9s e Margens do Rio Parauapebas (Prosap), com financiamento do Banco Interamericano de Desenvolvimento (BID), ser\u00e3o distribu\u00eddas em duas sub-bacias do Rio Parauapebas, em quest\u00e3o as do Igarap\u00e9 Ilha do Coco (Subbacia 1) e do Igarap\u00e9 Ch\u00e1cara das Estrelas (Subbacia 2).<\/p><p>Ambas possuem parte de sua \u00e1rea de influ\u00eancia localizada na regi\u00e3o central da zona urbana do munic\u00edpio e des\u00e1guam neste rio. \u00c9 tamb\u00e9m objeto de interven\u00e7\u00e3o o Igarap\u00e9 Guanabara, o qual des\u00e1gua no Igarap\u00e9 Ilha do Coco e, portanto, pode ser considerado uma microbacia do Ilha do Coco.<\/p><p>As atividades e obras a serem realizadas na \u00e1rea de abrang\u00eancia do Prosap foram concebidas de forma integrada envolvendo os seguintes segmentos principais:<\/p><p>\u2022 Sistema de Drenagem Pluvial, com implanta\u00e7\u00e3o e adequa\u00e7\u00e3o dos sistemas de macro e microdrenagem.<\/p><p>\u2022 Sistema de Abastecimento de \u00c1gua, consistindo na implanta\u00e7\u00e3o de melhorias no sistema existente com redu\u00e7\u00e3o de perdas de \u00e1gua.<\/p><p>\u2022 Sistema de Esgotamento Sanit\u00e1rio, consistindo na implanta\u00e7\u00e3o de novas redes e melhoria nos servi\u00e7os de esgotamento sanit\u00e1rio.<\/p><p>\u2022 Sistema Vi\u00e1rio, consistindo na implanta\u00e7\u00e3o de vias \u00e0s margens dos canais que ser\u00e3o constru\u00eddos.<\/p><p>\u2022 Moradia digna para as fam\u00edlias que estavam em \u00e1reas de risco e \u00e1reas diretamente afetadas pelas obras do programa, com 550 fam\u00edlias reassentadas em unidades habitacionais em \u00e1rea dotada de infraestrutura.<\/p><p>\u2022 Urbaniza\u00e7\u00e3o e Paisagismo em que ser\u00e3o tamb\u00e9m implantados Parques Lineares, dispostos ao longo dos Igarap\u00e9s, e um Parque Urbano no entorno da Lagoa de Deten\u00e7\u00e3o, al\u00e9m de equipamentos urban\u00edsticos e mobili\u00e1rio urbano.<\/p><p>O Programa de Investimento foi or\u00e7ado em US$ 87,50 milh\u00f5es de d\u00f3lares, sendo US$ 70,00 milh\u00f5es de empr\u00e9stimo junto ao Banco Interamericano de Desenvolvimento (BID), equivalente a 80% do valor do Projeto, e US$ 17,50 milh\u00f5es de Contrapartida das Receitas do Munic\u00edpio de Parauapebas (correspondente a 20% do valor do Projeto).<\/p><\/div>\t\t\t\t\t\t\t\t<\/div>\n\t\t\t\t<\/div>\n\t\t\t\t\t<\/div>\n\t\t<\/div>\n\t\t\t\t\t<\/div>\n\t\t<\/section>\n\t\t\t\t\t<\/div>\n\t\t<\/div>\n\t\t\t\t\t<\/div>\n\t\t<\/section>\n\t\t\t\t<\/div>\n\t\t","protected":false},"excerpt":{"rendered":"<p>Igarap\u00e9s Ilha do Coco, Guanabara e Ch\u00e1cara das Estrelas O Igarap\u00e9 Ilha do Coco \u00e9 a principal art\u00e9ria fluvial urbana do Rio Parauapebas e que, no passado, foi muito utilizada para lazer da popula\u00e7\u00e3o local, servindo de ambiente de recrea\u00e7\u00e3o e tamb\u00e9m como fonte de abastecimento para as fam\u00edlias assentadas \u00e0s suas margens.\u00a0 As obras [&hellip;]<\/p>\n","protected":false},"author":1,"featured_media":0,"parent":0,"menu_order":0,"comment_status":"closed","ping_status":"closed","template":"elementor_header_footer","meta":{"_acf_changed":false,"_crdt_document":"","_joinchat":[],"footnotes":""},"class_list":["post-2218","page","type-page","status-publish","hentry"],"acf":[],"_links":{"self":[{"href":"https:\/\/prosap.parauapebas.pa.gov.br\/index.php\/wp-json\/wp\/v2\/pages\/2218","targetHints":{"allow":["GET"]}}],"collection":[{"href":"https:\/\/prosap.parauapebas.pa.gov.br\/index.php\/wp-json\/wp\/v2\/pages"}],"about":[{"href":"https:\/\/prosap.parauapebas.pa.gov.br\/index.php\/wp-json\/wp\/v2\/types\/page"}],"author":[{"embeddable":true,"href":"https:\/\/prosap.parauapebas.pa.gov.br\/index.php\/wp-json\/wp\/v2\/users\/1"}],"replies":[{"embeddable":true,"href":"https:\/\/prosap.parauapebas.pa.gov.br\/index.php\/wp-json\/wp\/v2\/comments?post=2218"}],"version-history":[{"count":0,"href":"https:\/\/prosap.parauapebas.pa.gov.br\/index.php\/wp-json\/wp\/v2\/pages\/2218\/revisions"}],"wp:attachment":[{"href":"https:\/\/prosap.parauapebas.pa.gov.br\/index.php\/wp-json\/wp\/v2\/media?parent=2218"}],"curies":[{"name":"wp","href":"https:\/\/api.w.org\/{rel}","templated":true}]}}