{"id":2213,"date":"2023-11-08T18:59:41","date_gmt":"2023-11-08T18:59:41","guid":{"rendered":"http:\/\/192.168.244.140\/?page_id=2213"},"modified":"2023-11-08T19:10:40","modified_gmt":"2023-11-08T19:10:40","slug":"igarape_lajeado","status":"publish","type":"page","link":"https:\/\/prosap.parauapebas.pa.gov.br\/index.php\/igarape_lajeado\/","title":{"rendered":"igarape_lajeado"},"content":{"rendered":"\t\t<div data-elementor-type=\"wp-page\" data-elementor-id=\"2213\" class=\"elementor elementor-2213\" data-elementor-post-type=\"page\">\n\t\t\t\t\t\t<section class=\"elementor-section elementor-top-section elementor-element elementor-element-10ba89b elementor-section-height-min-height elementor-section-boxed elementor-section-height-default elementor-section-items-middle\" data-id=\"10ba89b\" data-element_type=\"section\" data-e-type=\"section\" data-settings=\"{&quot;background_background&quot;:&quot;classic&quot;}\">\n\t\t\t\t\t\t<div class=\"elementor-container elementor-column-gap-default\">\n\t\t\t\t\t<div class=\"elementor-column elementor-col-100 elementor-top-column elementor-element elementor-element-a8f1d8b\" data-id=\"a8f1d8b\" data-element_type=\"column\" data-e-type=\"column\">\n\t\t\t<div class=\"elementor-widget-wrap elementor-element-populated\">\n\t\t\t\t\t\t<div class=\"elementor-element elementor-element-1d30f7c elementor-widget elementor-widget-heading\" data-id=\"1d30f7c\" data-element_type=\"widget\" data-e-type=\"widget\" data-widget_type=\"heading.default\">\n\t\t\t\t<div class=\"elementor-widget-container\">\n\t\t\t\t\t<h2 class=\"elementor-heading-title elementor-size-default\">Igarap\u00e9 Lajeado<\/h2>\t\t\t\t<\/div>\n\t\t\t\t<\/div>\n\t\t\t\t<div class=\"elementor-element elementor-element-e79803b elementor-widget-divider--separator-type-pattern elementor-widget-divider--view-line elementor-widget elementor-widget-divider\" data-id=\"e79803b\" data-element_type=\"widget\" data-e-type=\"widget\" data-widget_type=\"divider.default\">\n\t\t\t\t<div class=\"elementor-widget-container\">\n\t\t\t\t\t\t\t<div class=\"elementor-divider\" style=\"--divider-pattern-url: url(&quot;data:image\/svg+xml,%3Csvg xmlns=&#039;http:\/\/www.w3.org\/2000\/svg&#039; preserveAspectRatio=&#039;none&#039; overflow=&#039;visible&#039; height=&#039;100%&#039; viewBox=&#039;0 0 20 16&#039; fill=&#039;none&#039; stroke=&#039;black&#039; stroke-width=&#039;2.5&#039; stroke-linecap=&#039;square&#039; stroke-miterlimit=&#039;10&#039;%3E%3Cg transform=&#039;translate(-12.000000, 0)&#039;%3E%3Cpath d=&#039;M28,0L10,18&#039;\/%3E%3Cpath d=&#039;M18,0L0,18&#039;\/%3E%3Cpath d=&#039;M48,0L30,18&#039;\/%3E%3Cpath d=&#039;M38,0L20,18&#039;\/%3E%3C\/g%3E%3C\/svg%3E&quot;);\">\n\t\t\t<span class=\"elementor-divider-separator\">\n\t\t\t\t\t\t<\/span>\n\t\t<\/div>\n\t\t\t\t\t\t<\/div>\n\t\t\t\t<\/div>\n\t\t\t\t<section class=\"elementor-section elementor-inner-section elementor-element elementor-element-c37ccc6 elementor-section-boxed elementor-section-height-default elementor-section-height-default\" data-id=\"c37ccc6\" data-element_type=\"section\" data-e-type=\"section\">\n\t\t\t\t\t\t<div class=\"elementor-container elementor-column-gap-default\">\n\t\t\t\t\t<div class=\"elementor-column elementor-col-100 elementor-inner-column elementor-element elementor-element-117968b\" data-id=\"117968b\" data-element_type=\"column\" data-e-type=\"column\">\n\t\t\t<div class=\"elementor-widget-wrap elementor-element-populated\">\n\t\t\t\t\t\t<div class=\"elementor-element elementor-element-15273c0 elementor-widget elementor-widget-text-editor\" data-id=\"15273c0\" data-element_type=\"widget\" data-e-type=\"widget\" data-widget_type=\"text-editor.default\">\n\t\t\t\t<div class=\"elementor-widget-container\">\n\t\t\t\t\t\t\t\t\t<div align=\"justify\">O Projeto de Saneamento Ambiental, Macrodrenagem e Recupera\u00e7\u00e3o do Igarap\u00e9 Lajeado ser\u00e1 desenvolvido pela Prefeitura Municipal de Parauapebas, por meio do Programa de Saneamento Ambiental, Macrodrenagem e Recupera\u00e7\u00e3o de Igarap\u00e9s e Margens do Rio Parauapebas (Prosap).<\/div><div align=\"justify\">\u00a0<\/div><div align=\"justify\">Como obras de micro e macrodrenagem, vi\u00e1rias, de abastecimento de \u00e1gua e esgotamento sanit\u00e1rio, urbanismo e paisagismo, o projeto ir\u00e1 transformar, sanear e embelezar uma extens\u00e3o de 12,4 quil\u00f4metros ao longo do Igarap\u00e9 Lajeado que, contar\u00e1, entre outras interven\u00e7\u00f5es, com a constru\u00e7\u00e3o de tr\u00eas grandes parques para o lazer e bem-estar da popula\u00e7\u00e3o.<\/div><div align=\"justify\">\u00a0<\/div><div align=\"justify\">Os bairros compreendidos pelo projeto s\u00e3o: Cidade Jardim, Min\u00e9rios, Vila Nova, Polo Moveleiro, Popular I, Novo Tempo, o Complexo Tropical-Ipiranga, Vale do Sol e Jardim Ip\u00ea.<\/div><div align=\"justify\">\u00a0<\/div><div align=\"justify\"><strong>Entenda o conjunto de obras compreendido pelo projeto:<\/strong><\/div><div align=\"justify\">\u00a0<\/div><div align=\"justify\"><strong>\u2022 Sistema de Microdrenagem:<\/strong>\u00a0os bairros que margeiam o Igarap\u00e9 Lajeado receber\u00e3o redes de microdrenagem, que ser\u00e3o interligadas com redes existentes, para a coleta adequada de \u00e1guas pluviais (\u00e1gua das chuvas).<\/div><div align=\"justify\">\u00a0<\/div><div align=\"justify\">\u2022<strong>\u00a0Sistema de Macrodrenagem<\/strong>\u00a0para revitaliza\u00e7\u00e3o e recupera\u00e7\u00e3o do Igarap\u00e9 Lajeado, na \u00e1rea de interven\u00e7\u00e3o.<\/div><div align=\"justify\">\u00a0<\/div><div align=\"justify\"><strong>\u2022 Sistema de Esgotamento Sanit\u00e1rio:<\/strong>\u00a0redes de esgotamento sanit\u00e1rio ser\u00e3o dispostas nos bairros que margeiam o Igarap\u00e9; e a Esta\u00e7\u00e3o de Tratamento de Esgoto (ETE) do bairro Tropical ser\u00e1 revitalizada e ampliada para atendimento da demanda destes bairros.<\/div><div align=\"justify\">\u00a0<\/div><div align=\"justify\"><strong>\u2022 Sistema de Abastecimento de \u00c1gua:<\/strong>\u00a0redes de abastecimento de \u00e1gua ser\u00e3o implantadas no bairro Novo Tempo; Melhorias no sistema de abastecimento de \u00e1gua dos bairros que receber\u00e3o interven\u00e7\u00e3o direta ser\u00e3o aplicadas; e a Esta\u00e7\u00e3o de Tratamento de \u00c1gua (ETA 02) e a sua capta\u00e7\u00e3o ser\u00e3o ampliadas para atendimento da demanda dos bairros que margeiam o Igarap\u00e9 Lajeado.<\/div><div align=\"justify\">\u00a0<\/div><div align=\"justify\">\u2022<strong>\u00a0Reassentamento de fam\u00edlias:<\/strong>\u00a0ser\u00e3o constru\u00eddas 300 unidades habitacionais, t\u00e9rreas e individuais, para o reassentamento de fam\u00edlias diretamente afetadas pelas obras do Projeto.<\/div><div align=\"justify\">\u00a0<\/div><div align=\"justify\"><strong>\u2022 Urbaniza\u00e7\u00e3o e Paisagismo:<\/strong>\u00a0no entorno do Igarap\u00e9 Lajeado ser\u00e3o implantados Parques Lineares e tr\u00eas Parques Urbanos.<\/div><div align=\"justify\">\u00a0<\/div><div align=\"justify\">O Programa de Investimento foi or\u00e7ado em R$ 124 milh\u00f5es de reais, e ser\u00e1 executado em 2021 com recursos pr\u00f3prios do munic\u00edpio.<\/div>\t\t\t\t\t\t\t\t<\/div>\n\t\t\t\t<\/div>\n\t\t\t\t\t<\/div>\n\t\t<\/div>\n\t\t\t\t\t<\/div>\n\t\t<\/section>\n\t\t\t\t<section class=\"elementor-section elementor-inner-section elementor-element elementor-element-923ea39 elementor-section-boxed elementor-section-height-default elementor-section-height-default\" data-id=\"923ea39\" data-element_type=\"section\" data-e-type=\"section\">\n\t\t\t\t\t\t<div class=\"elementor-container elementor-column-gap-default\">\n\t\t\t\t\t<div class=\"elementor-column elementor-col-100 elementor-inner-column elementor-element elementor-element-bfe4fa2\" data-id=\"bfe4fa2\" data-element_type=\"column\" data-e-type=\"column\">\n\t\t\t<div class=\"elementor-widget-wrap elementor-element-populated\">\n\t\t\t\t\t\t<div class=\"elementor-element elementor-element-ad27370 elementor-widget elementor-widget-video\" data-id=\"ad27370\" data-element_type=\"widget\" data-e-type=\"widget\" data-settings=\"{&quot;youtube_url&quot;:&quot;https:\\\/\\\/youtu.be\\\/Pp4hWypkljY&quot;,&quot;autoplay&quot;:&quot;yes&quot;,&quot;mute&quot;:&quot;yes&quot;,&quot;video_type&quot;:&quot;youtube&quot;,&quot;controls&quot;:&quot;yes&quot;}\" data-widget_type=\"video.default\">\n\t\t\t\t<div class=\"elementor-widget-container\">\n\t\t\t\t\t\t\t<div class=\"elementor-wrapper elementor-open-inline\">\n\t\t\t<div class=\"elementor-video\"><\/div>\t\t<\/div>\n\t\t\t\t\t\t<\/div>\n\t\t\t\t<\/div>\n\t\t\t\t\t<\/div>\n\t\t<\/div>\n\t\t\t\t\t<\/div>\n\t\t<\/section>\n\t\t\t\t\t<\/div>\n\t\t<\/div>\n\t\t\t\t\t<\/div>\n\t\t<\/section>\n\t\t\t\t<\/div>\n\t\t","protected":false},"excerpt":{"rendered":"<p>Igarap\u00e9 Lajeado O Projeto de Saneamento Ambiental, Macrodrenagem e Recupera\u00e7\u00e3o do Igarap\u00e9 Lajeado ser\u00e1 desenvolvido pela Prefeitura Municipal de Parauapebas, por meio do Programa de Saneamento Ambiental, Macrodrenagem e Recupera\u00e7\u00e3o de Igarap\u00e9s e Margens do Rio Parauapebas (Prosap).\u00a0Como obras de micro e macrodrenagem, vi\u00e1rias, de abastecimento de \u00e1gua e esgotamento sanit\u00e1rio, urbanismo e paisagismo, o [&hellip;]<\/p>\n","protected":false},"author":1,"featured_media":0,"parent":0,"menu_order":0,"comment_status":"closed","ping_status":"closed","template":"elementor_header_footer","meta":{"_acf_changed":false,"_crdt_document":"","_joinchat":[],"footnotes":""},"class_list":["post-2213","page","type-page","status-publish","hentry"],"acf":[],"_links":{"self":[{"href":"https:\/\/prosap.parauapebas.pa.gov.br\/index.php\/wp-json\/wp\/v2\/pages\/2213","targetHints":{"allow":["GET"]}}],"collection":[{"href":"https:\/\/prosap.parauapebas.pa.gov.br\/index.php\/wp-json\/wp\/v2\/pages"}],"about":[{"href":"https:\/\/prosap.parauapebas.pa.gov.br\/index.php\/wp-json\/wp\/v2\/types\/page"}],"author":[{"embeddable":true,"href":"https:\/\/prosap.parauapebas.pa.gov.br\/index.php\/wp-json\/wp\/v2\/users\/1"}],"replies":[{"embeddable":true,"href":"https:\/\/prosap.parauapebas.pa.gov.br\/index.php\/wp-json\/wp\/v2\/comments?post=2213"}],"version-history":[{"count":0,"href":"https:\/\/prosap.parauapebas.pa.gov.br\/index.php\/wp-json\/wp\/v2\/pages\/2213\/revisions"}],"wp:attachment":[{"href":"https:\/\/prosap.parauapebas.pa.gov.br\/index.php\/wp-json\/wp\/v2\/media?parent=2213"}],"curies":[{"name":"wp","href":"https:\/\/api.w.org\/{rel}","templated":true}]}}