{"id":19927,"date":"2024-05-07T17:40:03","date_gmt":"2024-05-07T20:40:03","guid":{"rendered":"http:\/\/192.168.244.140\/?page_id=19927"},"modified":"2024-05-07T17:44:32","modified_gmt":"2024-05-07T20:44:32","slug":"amigos_prosap","status":"publish","type":"page","link":"https:\/\/prosap.parauapebas.pa.gov.br\/index.php\/amigos_prosap\/","title":{"rendered":"amigos_prosap"},"content":{"rendered":"\t\t<div data-elementor-type=\"wp-page\" data-elementor-id=\"19927\" class=\"elementor elementor-19927\" data-elementor-post-type=\"page\">\n\t\t\t\t\t\t<section class=\"elementor-section elementor-top-section elementor-element elementor-element-10ba89b elementor-section-height-min-height elementor-section-boxed elementor-section-height-default elementor-section-items-middle\" data-id=\"10ba89b\" data-element_type=\"section\" data-e-type=\"section\" data-settings=\"{&quot;background_background&quot;:&quot;classic&quot;}\">\n\t\t\t\t\t\t<div class=\"elementor-container elementor-column-gap-default\">\n\t\t\t\t\t<div class=\"elementor-column elementor-col-100 elementor-top-column elementor-element elementor-element-a8f1d8b\" data-id=\"a8f1d8b\" data-element_type=\"column\" data-e-type=\"column\">\n\t\t\t<div class=\"elementor-widget-wrap elementor-element-populated\">\n\t\t\t\t\t\t<div class=\"elementor-element elementor-element-725cf12 elementor-widget elementor-widget-image\" data-id=\"725cf12\" data-element_type=\"widget\" data-e-type=\"widget\" data-widget_type=\"image.default\">\n\t\t\t\t<div class=\"elementor-widget-container\">\n\t\t\t\t\t\t\t\t\t\t\t\t\t\t\t<img fetchpriority=\"high\" decoding=\"async\" width=\"710\" height=\"376\" src=\"https:\/\/prosap.parauapebas.pa.gov.br\/wp-content\/uploads\/2024\/05\/amigos_prosap.jpg\" class=\"attachment-large size-large wp-image-19934\" alt=\"\" srcset=\"https:\/\/prosap.parauapebas.pa.gov.br\/wp-content\/uploads\/2024\/05\/amigos_prosap.jpg 710w, https:\/\/prosap.parauapebas.pa.gov.br\/wp-content\/uploads\/2024\/05\/amigos_prosap-300x159.jpg 300w\" sizes=\"(max-width: 710px) 100vw, 710px\" \/>\t\t\t\t\t\t\t\t\t\t\t\t\t\t\t<\/div>\n\t\t\t\t<\/div>\n\t\t\t\t<div class=\"elementor-element elementor-element-1d30f7c elementor-widget elementor-widget-heading\" data-id=\"1d30f7c\" data-element_type=\"widget\" data-e-type=\"widget\" data-widget_type=\"heading.default\">\n\t\t\t\t<div class=\"elementor-widget-container\">\n\t\t\t\t\t<h2 class=\"elementor-heading-title elementor-size-default\">Amigos do Prosap<\/h2>\t\t\t\t<\/div>\n\t\t\t\t<\/div>\n\t\t\t\t<div class=\"elementor-element elementor-element-e79803b elementor-widget-divider--separator-type-pattern elementor-widget-divider--view-line elementor-widget elementor-widget-divider\" data-id=\"e79803b\" data-element_type=\"widget\" data-e-type=\"widget\" data-widget_type=\"divider.default\">\n\t\t\t\t<div class=\"elementor-widget-container\">\n\t\t\t\t\t\t\t<div class=\"elementor-divider\" style=\"--divider-pattern-url: url(&quot;data:image\/svg+xml,%3Csvg xmlns=&#039;http:\/\/www.w3.org\/2000\/svg&#039; preserveAspectRatio=&#039;none&#039; overflow=&#039;visible&#039; height=&#039;100%&#039; viewBox=&#039;0 0 20 16&#039; fill=&#039;none&#039; stroke=&#039;black&#039; stroke-width=&#039;2.5&#039; stroke-linecap=&#039;square&#039; stroke-miterlimit=&#039;10&#039;%3E%3Cg transform=&#039;translate(-12.000000, 0)&#039;%3E%3Cpath d=&#039;M28,0L10,18&#039;\/%3E%3Cpath d=&#039;M18,0L0,18&#039;\/%3E%3Cpath d=&#039;M48,0L30,18&#039;\/%3E%3Cpath d=&#039;M38,0L20,18&#039;\/%3E%3C\/g%3E%3C\/svg%3E&quot;);\">\n\t\t\t<span class=\"elementor-divider-separator\">\n\t\t\t\t\t\t<\/span>\n\t\t<\/div>\n\t\t\t\t\t\t<\/div>\n\t\t\t\t<\/div>\n\t\t\t\t<section class=\"elementor-section elementor-inner-section elementor-element elementor-element-c37ccc6 elementor-section-boxed elementor-section-height-default elementor-section-height-default\" data-id=\"c37ccc6\" data-element_type=\"section\" data-e-type=\"section\">\n\t\t\t\t\t\t<div class=\"elementor-container elementor-column-gap-default\">\n\t\t\t\t\t<div class=\"elementor-column elementor-col-100 elementor-inner-column elementor-element elementor-element-117968b\" data-id=\"117968b\" data-element_type=\"column\" data-e-type=\"column\">\n\t\t\t<div class=\"elementor-widget-wrap elementor-element-populated\">\n\t\t\t\t\t\t<div class=\"elementor-element elementor-element-15273c0 elementor-widget elementor-widget-text-editor\" data-id=\"15273c0\" data-element_type=\"widget\" data-e-type=\"widget\" data-widget_type=\"text-editor.default\">\n\t\t\t\t<div class=\"elementor-widget-container\">\n\t\t\t\t\t\t\t\t\t<div align=\"justify\"><div class=\"elementor-element elementor-element-251ec90 elementor-widget elementor-widget-text-editor\" data-id=\"251ec90\" data-element_type=\"widget\" data-widget_type=\"text-editor.default\"><div class=\"elementor-widget-container\"><div align=\"justify\"><p><strong>Programa de Voluntariado Amigos do Prosap<\/strong><\/p><p>Voc\u00ea se preocupa com o meio ambiente? Tem percebido as mudan\u00e7as no clima e na temperatura da nossa cidade? Deseja ser parte ativa da mudan\u00e7a desse cen\u00e1rio e, assim, contribuir com a qualidade de vida de todos? Ent\u00e3o, venha fazer a diferen\u00e7a conosco!<\/p><p><strong>SEJA UM VOLUNT\u00c1RIO DO AMIGOS DO PROSAP!<\/strong><\/p><p>A principal finalidade \u00e9 reunir pessoas comprometidas com a pauta ambiental para o desenvolvimento de atividades que busquem semear um futuro mais verde e promissor para a nossa cidade, al\u00e9m de construir uma consci\u00eancia ecol\u00f3gica nos participantes e, tamb\u00e9m, contribuir para que o munic\u00edpio se desenvolva de maneira mais sustent\u00e1vel para as presentes e futuras gera\u00e7\u00f5es.<\/p><p>\u00c9 um convite para unirmos for\u00e7as e darmos vida \u00e0s nossas a\u00e7\u00f5es ambientais. Juntos, podemos fazer muito mais! Por isso, sua participa\u00e7\u00e3o \u00e9 essencial!<\/p><p>Traga sua energia, sua vontade de fazer a diferen\u00e7a e, claro, sua paix\u00e3o pelo meio ambiente. Vamos juntos semear um futuro melhor!<\/p><p>Seja parte deste movimento transformador!<\/p><p>Confirme sua presen\u00e7a e junte-se a n\u00f3s nessa jornada inspiradora!<\/p><p><a href=\"https:\/\/forms.gle\/VEJowSUjzFUYydT99\"><strong>Inscreva-se<\/strong><\/a><\/p><p><strong>Contamos com voc\u00ea.<\/strong><br \/><strong>Equipe Ambiental do Prosap<\/strong><\/p><\/div><\/div><\/div><\/div>\t\t\t\t\t\t\t\t<\/div>\n\t\t\t\t<\/div>\n\t\t\t\t\t<\/div>\n\t\t<\/div>\n\t\t\t\t\t<\/div>\n\t\t<\/section>\n\t\t\t\t\t<\/div>\n\t\t<\/div>\n\t\t\t\t\t<\/div>\n\t\t<\/section>\n\t\t\t\t<\/div>\n\t\t","protected":false},"excerpt":{"rendered":"<p>Amigos do Prosap Programa de Voluntariado Amigos do Prosap Voc\u00ea se preocupa com o meio ambiente? Tem percebido as mudan\u00e7as no clima e na temperatura da nossa cidade? Deseja ser parte ativa da mudan\u00e7a desse cen\u00e1rio e, assim, contribuir com a qualidade de vida de todos? Ent\u00e3o, venha fazer a diferen\u00e7a conosco! SEJA UM VOLUNT\u00c1RIO [&hellip;]<\/p>\n","protected":false},"author":1,"featured_media":0,"parent":0,"menu_order":0,"comment_status":"closed","ping_status":"closed","template":"elementor_header_footer","meta":{"_acf_changed":false,"_crdt_document":"","_joinchat":[],"footnotes":""},"class_list":["post-19927","page","type-page","status-publish","hentry"],"acf":[],"_links":{"self":[{"href":"https:\/\/prosap.parauapebas.pa.gov.br\/index.php\/wp-json\/wp\/v2\/pages\/19927","targetHints":{"allow":["GET"]}}],"collection":[{"href":"https:\/\/prosap.parauapebas.pa.gov.br\/index.php\/wp-json\/wp\/v2\/pages"}],"about":[{"href":"https:\/\/prosap.parauapebas.pa.gov.br\/index.php\/wp-json\/wp\/v2\/types\/page"}],"author":[{"embeddable":true,"href":"https:\/\/prosap.parauapebas.pa.gov.br\/index.php\/wp-json\/wp\/v2\/users\/1"}],"replies":[{"embeddable":true,"href":"https:\/\/prosap.parauapebas.pa.gov.br\/index.php\/wp-json\/wp\/v2\/comments?post=19927"}],"version-history":[{"count":0,"href":"https:\/\/prosap.parauapebas.pa.gov.br\/index.php\/wp-json\/wp\/v2\/pages\/19927\/revisions"}],"wp:attachment":[{"href":"https:\/\/prosap.parauapebas.pa.gov.br\/index.php\/wp-json\/wp\/v2\/media?parent=19927"}],"curies":[{"name":"wp","href":"https:\/\/api.w.org\/{rel}","templated":true}]}}