{"id":1857,"date":"2023-11-08T12:47:27","date_gmt":"2023-11-08T12:47:27","guid":{"rendered":"http:\/\/192.168.244.140\/?page_id=1857"},"modified":"2024-03-06T09:38:25","modified_gmt":"2024-03-06T12:38:25","slug":"complexo_turistico","status":"publish","type":"page","link":"https:\/\/prosap.parauapebas.pa.gov.br\/index.php\/complexo_turistico\/","title":{"rendered":"complexo_turistico"},"content":{"rendered":"\t\t<div data-elementor-type=\"wp-page\" data-elementor-id=\"1857\" class=\"elementor elementor-1857\" data-elementor-post-type=\"page\">\n\t\t\t\t\t\t<section class=\"elementor-section elementor-top-section elementor-element elementor-element-10ba89b elementor-section-height-min-height elementor-section-boxed elementor-section-height-default elementor-section-items-middle\" data-id=\"10ba89b\" data-element_type=\"section\" data-e-type=\"section\" data-settings=\"{&quot;background_background&quot;:&quot;classic&quot;}\">\n\t\t\t\t\t\t<div class=\"elementor-container elementor-column-gap-default\">\n\t\t\t\t\t<div class=\"elementor-column elementor-col-100 elementor-top-column elementor-element elementor-element-a8f1d8b\" data-id=\"a8f1d8b\" data-element_type=\"column\" data-e-type=\"column\">\n\t\t\t<div class=\"elementor-widget-wrap elementor-element-populated\">\n\t\t\t\t\t\t<div class=\"elementor-element elementor-element-1d30f7c elementor-widget elementor-widget-heading\" data-id=\"1d30f7c\" data-element_type=\"widget\" data-e-type=\"widget\" data-widget_type=\"heading.default\">\n\t\t\t\t<div class=\"elementor-widget-container\">\n\t\t\t\t\t<h2 class=\"elementor-heading-title elementor-size-default\">Complexo Tur\u00edstico de Parauapebas <\/h2>\t\t\t\t<\/div>\n\t\t\t\t<\/div>\n\t\t\t\t<div class=\"elementor-element elementor-element-e79803b elementor-widget-divider--separator-type-pattern elementor-widget-divider--view-line elementor-widget elementor-widget-divider\" data-id=\"e79803b\" data-element_type=\"widget\" data-e-type=\"widget\" data-widget_type=\"divider.default\">\n\t\t\t\t<div class=\"elementor-widget-container\">\n\t\t\t\t\t\t\t<div class=\"elementor-divider\" style=\"--divider-pattern-url: url(&quot;data:image\/svg+xml,%3Csvg xmlns=&#039;http:\/\/www.w3.org\/2000\/svg&#039; preserveAspectRatio=&#039;none&#039; overflow=&#039;visible&#039; height=&#039;100%&#039; viewBox=&#039;0 0 20 16&#039; fill=&#039;none&#039; stroke=&#039;black&#039; stroke-width=&#039;2.5&#039; stroke-linecap=&#039;square&#039; stroke-miterlimit=&#039;10&#039;%3E%3Cg transform=&#039;translate(-12.000000, 0)&#039;%3E%3Cpath d=&#039;M28,0L10,18&#039;\/%3E%3Cpath d=&#039;M18,0L0,18&#039;\/%3E%3Cpath d=&#039;M48,0L30,18&#039;\/%3E%3Cpath d=&#039;M38,0L20,18&#039;\/%3E%3C\/g%3E%3C\/svg%3E&quot;);\">\n\t\t\t<span class=\"elementor-divider-separator\">\n\t\t\t\t\t\t<\/span>\n\t\t<\/div>\n\t\t\t\t\t\t<\/div>\n\t\t\t\t<\/div>\n\t\t\t\t<section class=\"elementor-section elementor-inner-section elementor-element elementor-element-6bf74e3 elementor-section-boxed elementor-section-height-default elementor-section-height-default\" data-id=\"6bf74e3\" data-element_type=\"section\" data-e-type=\"section\">\n\t\t\t\t\t\t<div class=\"elementor-container elementor-column-gap-default\">\n\t\t\t\t\t<div class=\"elementor-column elementor-col-100 elementor-inner-column elementor-element elementor-element-ef9b438\" data-id=\"ef9b438\" data-element_type=\"column\" data-e-type=\"column\">\n\t\t\t<div class=\"elementor-widget-wrap elementor-element-populated\">\n\t\t\t\t\t\t<div class=\"elementor-element elementor-element-15273c0 elementor-widget elementor-widget-text-editor\" data-id=\"15273c0\" data-element_type=\"widget\" data-e-type=\"widget\" data-widget_type=\"text-editor.default\">\n\t\t\t\t<div class=\"elementor-widget-container\">\n\t\t\t\t\t\t\t\t\t<p>Com \u00e1rea total de 150 mil metros quadrados, espa\u00e7o conta com tr\u00eas pra\u00e7as, um anfiteatro (para shows de pequeno porte), parquinho, pista de caminhada e ciclovia com 2 mil metros, lagoa com 800 metros de cumprimento, pra\u00e7a de alimenta\u00e7\u00e3o, feirinha, espa\u00e7o cultural, \u00e1rea de patina\u00e7\u00e3o, \u00e1rea de jogos, quiosques, bosque formado por \u00e1rvores frut\u00edferas, com 12 mesas de piqueniques interligadas, \u00e1rea de conviv\u00eancia com mesas de jogos, barragem e mirante da barragem, academia ao ar livre e \u00e1rea para zumba.<\/p><p>Executado pela Prefeitura de Parauapebas, por meio do Programa de Saneamento Ambiental, Macrodrenagem e Recupera\u00e7\u00e3o de Igarap\u00e9s e Margens do Rio Parauapebas (Prosap), o espa\u00e7o foi inaugurado em dezembro de 2022, fruto de uma parceria financeira entre a gest\u00e3o municipal e o Banco Interamericano de Desenvolvimento (BID), como parte da primeira etapa do Projeto de Recupera\u00e7\u00e3o e Revitaliza\u00e7\u00e3o do Igarap\u00e9 Ilha do Coco.<\/p><p>O local \u00e9 aberto ao p\u00fablico de ter\u00e7a a domingo, das 6h \u00e0s 11h e das 16h \u00e0s 22h. Fechado \u00e0s segundas-feiras para manuten\u00e7\u00e3o.<\/p><p>Entrada gratuita\/ Acesso controlado<\/p><p>Para a realiza\u00e7\u00e3o de eventos como anivers\u00e1rios, ensaios fotogr\u00e1ficos, \u00e9 necess\u00e1rio fazer o agendamento:<\/p><p>Telefone\/WhatsApp: (94) 98438-8797<\/p>\t\t\t\t\t\t\t\t<\/div>\n\t\t\t\t<\/div>\n\t\t\t\t\t<\/div>\n\t\t<\/div>\n\t\t\t\t\t<\/div>\n\t\t<\/section>\n\t\t\t\t<section class=\"elementor-section elementor-inner-section elementor-element elementor-element-5b5b0bb elementor-section-boxed elementor-section-height-default elementor-section-height-default\" data-id=\"5b5b0bb\" data-element_type=\"section\" data-e-type=\"section\">\n\t\t\t\t\t\t<div class=\"elementor-container elementor-column-gap-default\">\n\t\t\t\t\t<div class=\"elementor-column elementor-col-33 elementor-inner-column elementor-element elementor-element-c8e860d\" data-id=\"c8e860d\" data-element_type=\"column\" data-e-type=\"column\">\n\t\t\t<div class=\"elementor-widget-wrap elementor-element-populated\">\n\t\t\t\t\t\t<div class=\"elementor-element elementor-element-7616b43 elementor-widget elementor-widget-image\" data-id=\"7616b43\" data-element_type=\"widget\" data-e-type=\"widget\" data-widget_type=\"image.default\">\n\t\t\t\t<div class=\"elementor-widget-container\">\n\t\t\t\t\t\t\t\t\t\t\t\t\t\t\t\t<a href=\"https:\/\/prosap.parauapebas.pa.gov.br\/wp-content\/uploads\/2023\/11\/complexo2.jpg\" data-elementor-open-lightbox=\"yes\" data-elementor-lightbox-title=\"complexo2\" data-e-action-hash=\"#elementor-action%3Aaction%3Dlightbox%26settings%3DeyJpZCI6MTk4MiwidXJsIjoiaHR0cHM6XC9cL3Byb3NhcC5wYXJhdWFwZWJhcy5wYS5nb3YuYnJcL3dwLWNvbnRlbnRcL3VwbG9hZHNcLzIwMjNcLzExXC9jb21wbGV4bzIuanBnIn0%3D\">\n\t\t\t\t\t\t\t<img fetchpriority=\"high\" decoding=\"async\" width=\"520\" height=\"345\" src=\"https:\/\/prosap.parauapebas.pa.gov.br\/wp-content\/uploads\/2023\/11\/complexo2.jpg\" class=\"elementor-animation-hang attachment-large size-large wp-image-1982\" alt=\"\" srcset=\"https:\/\/prosap.parauapebas.pa.gov.br\/wp-content\/uploads\/2023\/11\/complexo2.jpg 520w, https:\/\/prosap.parauapebas.pa.gov.br\/wp-content\/uploads\/2023\/11\/complexo2-300x199.jpg 300w\" sizes=\"(max-width: 520px) 100vw, 520px\" \/>\t\t\t\t\t\t\t\t<\/a>\n\t\t\t\t\t\t\t\t\t\t\t\t\t\t\t<\/div>\n\t\t\t\t<\/div>\n\t\t\t\t\t<\/div>\n\t\t<\/div>\n\t\t\t\t<div class=\"elementor-column elementor-col-33 elementor-inner-column elementor-element elementor-element-0720077\" data-id=\"0720077\" data-element_type=\"column\" data-e-type=\"column\">\n\t\t\t<div class=\"elementor-widget-wrap elementor-element-populated\">\n\t\t\t\t\t\t<div class=\"elementor-element elementor-element-55b5ba3 elementor-widget elementor-widget-image\" data-id=\"55b5ba3\" data-element_type=\"widget\" data-e-type=\"widget\" data-widget_type=\"image.default\">\n\t\t\t\t<div class=\"elementor-widget-container\">\n\t\t\t\t\t\t\t\t\t\t\t\t\t\t\t\t<a href=\"https:\/\/prosap.parauapebas.pa.gov.br\/wp-content\/uploads\/2023\/11\/complexo1.jpg\" data-elementor-open-lightbox=\"yes\" data-elementor-lightbox-title=\"complexo1\" data-e-action-hash=\"#elementor-action%3Aaction%3Dlightbox%26settings%3DeyJpZCI6MTk4MSwidXJsIjoiaHR0cHM6XC9cL3Byb3NhcC5wYXJhdWFwZWJhcy5wYS5nb3YuYnJcL3dwLWNvbnRlbnRcL3VwbG9hZHNcLzIwMjNcLzExXC9jb21wbGV4bzEuanBnIn0%3D\">\n\t\t\t\t\t\t\t<img decoding=\"async\" width=\"520\" height=\"345\" src=\"https:\/\/prosap.parauapebas.pa.gov.br\/wp-content\/uploads\/2023\/11\/complexo1.jpg\" class=\"elementor-animation-hang attachment-large size-large wp-image-1981\" alt=\"\" srcset=\"https:\/\/prosap.parauapebas.pa.gov.br\/wp-content\/uploads\/2023\/11\/complexo1.jpg 520w, https:\/\/prosap.parauapebas.pa.gov.br\/wp-content\/uploads\/2023\/11\/complexo1-300x199.jpg 300w\" sizes=\"(max-width: 520px) 100vw, 520px\" \/>\t\t\t\t\t\t\t\t<\/a>\n\t\t\t\t\t\t\t\t\t\t\t\t\t\t\t<\/div>\n\t\t\t\t<\/div>\n\t\t\t\t\t<\/div>\n\t\t<\/div>\n\t\t\t\t<div class=\"elementor-column elementor-col-33 elementor-inner-column elementor-element elementor-element-13b7514\" data-id=\"13b7514\" data-element_type=\"column\" data-e-type=\"column\">\n\t\t\t<div class=\"elementor-widget-wrap elementor-element-populated\">\n\t\t\t\t\t\t<div class=\"elementor-element elementor-element-6b008d1 elementor-widget elementor-widget-image\" data-id=\"6b008d1\" data-element_type=\"widget\" data-e-type=\"widget\" data-widget_type=\"image.default\">\n\t\t\t\t<div class=\"elementor-widget-container\">\n\t\t\t\t\t\t\t\t\t\t\t\t\t\t\t\t<a href=\"https:\/\/prosap.parauapebas.pa.gov.br\/wp-content\/uploads\/2023\/11\/complexo3.jpg\" data-elementor-open-lightbox=\"yes\" data-elementor-lightbox-title=\"complexo3\" data-e-action-hash=\"#elementor-action%3Aaction%3Dlightbox%26settings%3DeyJpZCI6MTk3OSwidXJsIjoiaHR0cHM6XC9cL3Byb3NhcC5wYXJhdWFwZWJhcy5wYS5nb3YuYnJcL3dwLWNvbnRlbnRcL3VwbG9hZHNcLzIwMjNcLzExXC9jb21wbGV4bzMuanBnIn0%3D\">\n\t\t\t\t\t\t\t<img decoding=\"async\" width=\"520\" height=\"345\" src=\"https:\/\/prosap.parauapebas.pa.gov.br\/wp-content\/uploads\/2023\/11\/complexo3.jpg\" class=\"elementor-animation-hang attachment-large size-large wp-image-1979\" alt=\"\" srcset=\"https:\/\/prosap.parauapebas.pa.gov.br\/wp-content\/uploads\/2023\/11\/complexo3.jpg 520w, https:\/\/prosap.parauapebas.pa.gov.br\/wp-content\/uploads\/2023\/11\/complexo3-300x199.jpg 300w\" sizes=\"(max-width: 520px) 100vw, 520px\" \/>\t\t\t\t\t\t\t\t<\/a>\n\t\t\t\t\t\t\t\t\t\t\t\t\t\t\t<\/div>\n\t\t\t\t<\/div>\n\t\t\t\t\t<\/div>\n\t\t<\/div>\n\t\t\t\t\t<\/div>\n\t\t<\/section>\n\t\t\t\t<section class=\"elementor-section elementor-inner-section elementor-element elementor-element-df73e90 elementor-section-boxed elementor-section-height-default elementor-section-height-default\" data-id=\"df73e90\" data-element_type=\"section\" data-e-type=\"section\">\n\t\t\t\t\t\t<div class=\"elementor-container elementor-column-gap-default\">\n\t\t\t\t\t<div class=\"elementor-column elementor-col-33 elementor-inner-column elementor-element elementor-element-126fb4f\" data-id=\"126fb4f\" data-element_type=\"column\" data-e-type=\"column\">\n\t\t\t<div class=\"elementor-widget-wrap elementor-element-populated\">\n\t\t\t\t\t\t<div class=\"elementor-element elementor-element-d535843 elementor-widget elementor-widget-image\" data-id=\"d535843\" data-element_type=\"widget\" data-e-type=\"widget\" data-widget_type=\"image.default\">\n\t\t\t\t<div class=\"elementor-widget-container\">\n\t\t\t\t\t\t\t\t\t\t\t\t\t\t\t\t<a href=\"https:\/\/prosap.parauapebas.pa.gov.br\/wp-content\/uploads\/2023\/11\/complexo5.jpg\" data-elementor-open-lightbox=\"yes\" data-elementor-lightbox-title=\"complexo5\" data-e-action-hash=\"#elementor-action%3Aaction%3Dlightbox%26settings%3DeyJpZCI6MTk5NCwidXJsIjoiaHR0cHM6XC9cL3Byb3NhcC5wYXJhdWFwZWJhcy5wYS5nb3YuYnJcL3dwLWNvbnRlbnRcL3VwbG9hZHNcLzIwMjNcLzExXC9jb21wbGV4bzUuanBnIn0%3D\">\n\t\t\t\t\t\t\t<img loading=\"lazy\" decoding=\"async\" width=\"520\" height=\"345\" src=\"https:\/\/prosap.parauapebas.pa.gov.br\/wp-content\/uploads\/2023\/11\/complexo5.jpg\" class=\"elementor-animation-hang attachment-large size-large wp-image-1994\" alt=\"\" srcset=\"https:\/\/prosap.parauapebas.pa.gov.br\/wp-content\/uploads\/2023\/11\/complexo5.jpg 520w, https:\/\/prosap.parauapebas.pa.gov.br\/wp-content\/uploads\/2023\/11\/complexo5-300x199.jpg 300w\" sizes=\"(max-width: 520px) 100vw, 520px\" \/>\t\t\t\t\t\t\t\t<\/a>\n\t\t\t\t\t\t\t\t\t\t\t\t\t\t\t<\/div>\n\t\t\t\t<\/div>\n\t\t\t\t\t<\/div>\n\t\t<\/div>\n\t\t\t\t<div class=\"elementor-column elementor-col-33 elementor-inner-column elementor-element elementor-element-ed02e05\" data-id=\"ed02e05\" data-element_type=\"column\" data-e-type=\"column\">\n\t\t\t<div class=\"elementor-widget-wrap elementor-element-populated\">\n\t\t\t\t\t\t<div class=\"elementor-element elementor-element-b8b2390 elementor-widget elementor-widget-image\" data-id=\"b8b2390\" data-element_type=\"widget\" data-e-type=\"widget\" data-widget_type=\"image.default\">\n\t\t\t\t<div class=\"elementor-widget-container\">\n\t\t\t\t\t\t\t\t\t\t\t\t\t\t\t\t<a href=\"https:\/\/prosap.parauapebas.pa.gov.br\/wp-content\/uploads\/2023\/11\/complexo4.jpg\" data-elementor-open-lightbox=\"yes\" data-elementor-lightbox-title=\"complexo4\" data-e-action-hash=\"#elementor-action%3Aaction%3Dlightbox%26settings%3DeyJpZCI6MTk5MywidXJsIjoiaHR0cHM6XC9cL3Byb3NhcC5wYXJhdWFwZWJhcy5wYS5nb3YuYnJcL3dwLWNvbnRlbnRcL3VwbG9hZHNcLzIwMjNcLzExXC9jb21wbGV4bzQuanBnIn0%3D\">\n\t\t\t\t\t\t\t<img loading=\"lazy\" decoding=\"async\" width=\"520\" height=\"345\" src=\"https:\/\/prosap.parauapebas.pa.gov.br\/wp-content\/uploads\/2023\/11\/complexo4.jpg\" class=\"elementor-animation-hang attachment-large size-large wp-image-1993\" alt=\"\" srcset=\"https:\/\/prosap.parauapebas.pa.gov.br\/wp-content\/uploads\/2023\/11\/complexo4.jpg 520w, https:\/\/prosap.parauapebas.pa.gov.br\/wp-content\/uploads\/2023\/11\/complexo4-300x199.jpg 300w\" sizes=\"(max-width: 520px) 100vw, 520px\" \/>\t\t\t\t\t\t\t\t<\/a>\n\t\t\t\t\t\t\t\t\t\t\t\t\t\t\t<\/div>\n\t\t\t\t<\/div>\n\t\t\t\t\t<\/div>\n\t\t<\/div>\n\t\t\t\t<div class=\"elementor-column elementor-col-33 elementor-inner-column elementor-element elementor-element-4d356e3\" data-id=\"4d356e3\" data-element_type=\"column\" data-e-type=\"column\">\n\t\t\t<div class=\"elementor-widget-wrap elementor-element-populated\">\n\t\t\t\t\t\t<div class=\"elementor-element elementor-element-964024c elementor-widget elementor-widget-image\" data-id=\"964024c\" data-element_type=\"widget\" data-e-type=\"widget\" data-widget_type=\"image.default\">\n\t\t\t\t<div class=\"elementor-widget-container\">\n\t\t\t\t\t\t\t\t\t\t\t\t\t\t\t\t<a href=\"https:\/\/prosap.parauapebas.pa.gov.br\/wp-content\/uploads\/2023\/11\/complexo6.jpg\" data-elementor-open-lightbox=\"yes\" data-elementor-lightbox-title=\"complexo6\" data-e-action-hash=\"#elementor-action%3Aaction%3Dlightbox%26settings%3DeyJpZCI6MTk5MiwidXJsIjoiaHR0cHM6XC9cL3Byb3NhcC5wYXJhdWFwZWJhcy5wYS5nb3YuYnJcL3dwLWNvbnRlbnRcL3VwbG9hZHNcLzIwMjNcLzExXC9jb21wbGV4bzYuanBnIn0%3D\">\n\t\t\t\t\t\t\t<img loading=\"lazy\" decoding=\"async\" width=\"520\" height=\"345\" src=\"https:\/\/prosap.parauapebas.pa.gov.br\/wp-content\/uploads\/2023\/11\/complexo6.jpg\" class=\"elementor-animation-hang attachment-large size-large wp-image-1992\" alt=\"\" srcset=\"https:\/\/prosap.parauapebas.pa.gov.br\/wp-content\/uploads\/2023\/11\/complexo6.jpg 520w, https:\/\/prosap.parauapebas.pa.gov.br\/wp-content\/uploads\/2023\/11\/complexo6-300x199.jpg 300w\" sizes=\"(max-width: 520px) 100vw, 520px\" \/>\t\t\t\t\t\t\t\t<\/a>\n\t\t\t\t\t\t\t\t\t\t\t\t\t\t\t<\/div>\n\t\t\t\t<\/div>\n\t\t\t\t\t<\/div>\n\t\t<\/div>\n\t\t\t\t\t<\/div>\n\t\t<\/section>\n\t\t\t\t<div class=\"elementor-element elementor-element-a98e09a elementor-widget-divider--view-line elementor-widget elementor-widget-divider\" data-id=\"a98e09a\" data-element_type=\"widget\" data-e-type=\"widget\" data-widget_type=\"divider.default\">\n\t\t\t\t<div class=\"elementor-widget-container\">\n\t\t\t\t\t\t\t<div class=\"elementor-divider\">\n\t\t\t<span class=\"elementor-divider-separator\">\n\t\t\t\t\t\t<\/span>\n\t\t<\/div>\n\t\t\t\t\t\t<\/div>\n\t\t\t\t<\/div>\n\t\t\t\t<section class=\"elementor-section elementor-inner-section elementor-element elementor-element-57b5ec8 elementor-section-boxed elementor-section-height-default elementor-section-height-default\" data-id=\"57b5ec8\" data-element_type=\"section\" data-e-type=\"section\">\n\t\t\t\t\t\t<div class=\"elementor-container elementor-column-gap-default\">\n\t\t\t\t\t<div class=\"elementor-column elementor-col-50 elementor-inner-column elementor-element elementor-element-a3186c8\" data-id=\"a3186c8\" data-element_type=\"column\" data-e-type=\"column\">\n\t\t\t<div class=\"elementor-widget-wrap elementor-element-populated\">\n\t\t\t\t\t\t<div class=\"elementor-element elementor-element-adc9d0b elementor-widget elementor-widget-heading\" data-id=\"adc9d0b\" data-element_type=\"widget\" data-e-type=\"widget\" data-widget_type=\"heading.default\">\n\t\t\t\t<div class=\"elementor-widget-container\">\n\t\t\t\t\t<h2 class=\"elementor-heading-title elementor-size-default\">V\u00eddeo do Complexo tur\u00edstico<\/h2>\t\t\t\t<\/div>\n\t\t\t\t<\/div>\n\t\t\t\t<div class=\"elementor-element elementor-element-b12d537 elementor-widget elementor-widget-video\" data-id=\"b12d537\" data-element_type=\"widget\" data-e-type=\"widget\" data-settings=\"{&quot;youtube_url&quot;:&quot;https:\\\/\\\/youtu.be\\\/hAjQqzQ0Hzk&quot;,&quot;video_type&quot;:&quot;youtube&quot;,&quot;controls&quot;:&quot;yes&quot;}\" data-widget_type=\"video.default\">\n\t\t\t\t<div class=\"elementor-widget-container\">\n\t\t\t\t\t\t\t<div class=\"elementor-wrapper elementor-open-inline\">\n\t\t\t<div class=\"elementor-video\"><\/div>\t\t<\/div>\n\t\t\t\t\t\t<\/div>\n\t\t\t\t<\/div>\n\t\t\t\t\t<\/div>\n\t\t<\/div>\n\t\t\t\t<div class=\"elementor-column elementor-col-50 elementor-inner-column elementor-element elementor-element-e37241f\" data-id=\"e37241f\" data-element_type=\"column\" data-e-type=\"column\">\n\t\t\t<div class=\"elementor-widget-wrap elementor-element-populated\">\n\t\t\t\t\t\t<div class=\"elementor-element elementor-element-4620b22 elementor-widget elementor-widget-heading\" data-id=\"4620b22\" data-element_type=\"widget\" data-e-type=\"widget\" data-widget_type=\"heading.default\">\n\t\t\t\t<div class=\"elementor-widget-container\">\n\t\t\t\t\t<h2 class=\"elementor-heading-title elementor-size-default\"><a href=\"https:\/\/goo.gl\/maps\/RuG54eiVB5sEA9PFA\" target=\"_blank\">Acessar localiza\u00e7\u00e3o do Complexo tur\u00edstico<\/a><\/h2>\t\t\t\t<\/div>\n\t\t\t\t<\/div>\n\t\t\t\t<div class=\"elementor-element elementor-element-38a7a93 elementor-widget elementor-widget-google_maps\" data-id=\"38a7a93\" data-element_type=\"widget\" data-e-type=\"widget\" data-widget_type=\"google_maps.default\">\n\t\t\t\t<div class=\"elementor-widget-container\">\n\t\t\t\t\t\t\t<div class=\"elementor-custom-embed\">\n\t\t\t<iframe loading=\"lazy\"\n\t\t\t\t\tsrc=\"https:\/\/maps.google.com\/maps?q=complexo%20turistico%20parauapebas&#038;t=m&#038;z=10&#038;output=embed&#038;iwloc=near\"\n\t\t\t\t\ttitle=\"complexo turistico parauapebas\"\n\t\t\t\t\taria-label=\"complexo turistico parauapebas\"\n\t\t\t><\/iframe>\n\t\t<\/div>\n\t\t\t\t\t\t<\/div>\n\t\t\t\t<\/div>\n\t\t\t\t\t<\/div>\n\t\t<\/div>\n\t\t\t\t\t<\/div>\n\t\t<\/section>\n\t\t\t\t\t<\/div>\n\t\t<\/div>\n\t\t\t\t\t<\/div>\n\t\t<\/section>\n\t\t\t\t<\/div>\n\t\t","protected":false},"excerpt":{"rendered":"<p>Complexo Tur\u00edstico de Parauapebas Com \u00e1rea total de 150 mil metros quadrados, espa\u00e7o conta com tr\u00eas pra\u00e7as, um anfiteatro (para shows de pequeno porte), parquinho, pista de caminhada e ciclovia com 2 mil metros, lagoa com 800 metros de cumprimento, pra\u00e7a de alimenta\u00e7\u00e3o, feirinha, espa\u00e7o cultural, \u00e1rea de patina\u00e7\u00e3o, \u00e1rea de jogos, quiosques, bosque formado [&hellip;]<\/p>\n","protected":false},"author":1,"featured_media":0,"parent":0,"menu_order":0,"comment_status":"closed","ping_status":"closed","template":"elementor_header_footer","meta":{"_acf_changed":false,"_crdt_document":"","_joinchat":[],"footnotes":""},"class_list":["post-1857","page","type-page","status-publish","hentry"],"acf":[],"_links":{"self":[{"href":"https:\/\/prosap.parauapebas.pa.gov.br\/index.php\/wp-json\/wp\/v2\/pages\/1857","targetHints":{"allow":["GET"]}}],"collection":[{"href":"https:\/\/prosap.parauapebas.pa.gov.br\/index.php\/wp-json\/wp\/v2\/pages"}],"about":[{"href":"https:\/\/prosap.parauapebas.pa.gov.br\/index.php\/wp-json\/wp\/v2\/types\/page"}],"author":[{"embeddable":true,"href":"https:\/\/prosap.parauapebas.pa.gov.br\/index.php\/wp-json\/wp\/v2\/users\/1"}],"replies":[{"embeddable":true,"href":"https:\/\/prosap.parauapebas.pa.gov.br\/index.php\/wp-json\/wp\/v2\/comments?post=1857"}],"version-history":[{"count":0,"href":"https:\/\/prosap.parauapebas.pa.gov.br\/index.php\/wp-json\/wp\/v2\/pages\/1857\/revisions"}],"wp:attachment":[{"href":"https:\/\/prosap.parauapebas.pa.gov.br\/index.php\/wp-json\/wp\/v2\/media?parent=1857"}],"curies":[{"name":"wp","href":"https:\/\/api.w.org\/{rel}","templated":true}]}}